{"id":182,"date":"2022-01-14T18:01:41","date_gmt":"2022-01-14T17:01:41","guid":{"rendered":"https:\/\/www.richardisenheim.de\/?page_id=182"},"modified":"2022-02-03T23:48:43","modified_gmt":"2022-02-03T22:48:43","slug":"ein-held-fuer-equinoctika","status":"publish","type":"page","link":"https:\/\/www.richardisenheim.de\/","title":{"rendered":"Aus Mitleid wissend der reine Tor. Harret sein, den ich erkor \u2026 Euch zur Rettung!"},"content":{"rendered":"<p>Es war eine Zeit des Umbruchs. Im Guten wie im Schlechten. Die Zeit f\u00fcr Erkenntnis und die Zeit der Verblendung. Die Jahre des \u00dcberma\u00dfes und die Jahre der Armut. Eine Epoche des Lichts und eine Epoche der Finsternis. Dem Himmel entgegen oder hinab ins Verderben. Es war an der Zeit! Equinoctika war reif \u2013 f\u00fcr ihre Erf\u00fcllung!<\/p>\n<h1>Jetzt im <a href=\"https:\/\/www.bod.de\/buchshop\/ein-held-fuer-equinoctika-richard-isenheim-9783754339404\">Handel!<\/a><\/h1>\n<h1><a href=\"https:\/\/www.richardisenheim.de\/?page_id=278\">Mehr erfahren!<\/a><\/h1>\n","protected":false},"excerpt":{"rendered":"<p>Es war eine Zeit des Umbruchs. Im Guten wie im Schlechten. Die Zeit f\u00fcr Erkenntnis und die Zeit der Verblendung. Die Jahre des \u00dcberma\u00dfes und die Jahre der Armut. Eine Epoche des Lichts und eine Epoche der Finsternis. Dem Himmel entgegen oder hinab ins Verderben. Es war an der Zeit! Equinoctika war reif \u2013 f\u00fcr&hellip;<\/p>\n","protected":false},"author":1,"featured_media":191,"parent":0,"menu_order":0,"comment_status":"closed","ping_status":"closed","template":"","meta":[],"_links":{"self":[{"href":"https:\/\/www.richardisenheim.de\/index.php?rest_route=\/wp\/v2\/pages\/182"}],"collection":[{"href":"https:\/\/www.richardisenheim.de\/index.php?rest_route=\/wp\/v2\/pages"}],"about":[{"href":"https:\/\/www.richardisenheim.de\/index.php?rest_route=\/wp\/v2\/types\/page"}],"author":[{"embeddable":true,"href":"https:\/\/www.richardisenheim.de\/index.php?rest_route=\/wp\/v2\/users\/1"}],"replies":[{"embeddable":true,"href":"https:\/\/www.richardisenheim.de\/index.php?rest_route=%2Fwp%2Fv2%2Fcomments&post=182"}],"version-history":[{"count":20,"href":"https:\/\/www.richardisenheim.de\/index.php?rest_route=\/wp\/v2\/pages\/182\/revisions"}],"predecessor-version":[{"id":329,"href":"https:\/\/www.richardisenheim.de\/index.php?rest_route=\/wp\/v2\/pages\/182\/revisions\/329"}],"wp:featuredmedia":[{"embeddable":true,"href":"https:\/\/www.richardisenheim.de\/index.php?rest_route=\/wp\/v2\/media\/191"}],"wp:attachment":[{"href":"https:\/\/www.richardisenheim.de\/index.php?rest_route=%2Fwp%2Fv2%2Fmedia&parent=182"}],"curies":[{"name":"wp","href":"https:\/\/api.w.org\/{rel}","templated":true}]}}