{"id":209,"date":"2022-01-14T18:43:46","date_gmt":"2022-01-14T17:43:46","guid":{"rendered":"https:\/\/www.richardisenheim.de\/?page_id=209"},"modified":"2022-01-14T22:07:57","modified_gmt":"2022-01-14T21:07:57","slug":"lennox","status":"publish","type":"page","link":"https:\/\/www.richardisenheim.de\/?page_id=209","title":{"rendered":"Lennox"},"content":{"rendered":"<p>Kapit\u00e4n Thorostan setzte sich und sah Lennox durch seine hellen Augen eindringlich an. Seine teigige Hand strich \u00fcber das runde Gesicht mit dem kahlgeschorenen Haar. \u00bbAls ich dich in meinen Dienst aufnahm, hielt ich dich f\u00fcr einen dieser neunmalklugen Schulabg\u00e4nger, die in ihrem Leben noch nie ein Gewehr in der Hand gehalten haben, aber glauben, sie k\u00f6nnten es mit der ganzen Welt aufnehmen. \u2013 Derlei Fu\u00dfvolk wirst du dich in B\u00e4lde annehmen m\u00fcssen.\u00ab Sein Schnauzer hob einen seiner Mundwinkel an.<br \/>\n\u00bbTrotzdem schimmerte ein kluger und \u00e4u\u00dferst gerissener Geist aus dir, mit einem Hang, dich zu beweisen. Ein Hang, der wie eine l\u00e4stige Fliege an dir klebt. Aber hinter all der Maskerade sah ich etwas \u00e4u\u00dferst Vornehmes und Nobles.\u00ab<\/p>\n<h1><a href=\"https:\/\/www.richardisenheim.de\/?page_id=215\">Weiterlesen!<\/a><\/h1>\n","protected":false},"excerpt":{"rendered":"<p>Kapit\u00e4n Thorostan setzte sich und sah Lennox durch seine hellen Augen eindringlich an. Seine teigige Hand strich \u00fcber das runde Gesicht mit dem kahlgeschorenen Haar. \u00bbAls ich dich in meinen Dienst aufnahm, hielt ich dich f\u00fcr einen dieser neunmalklugen Schulabg\u00e4nger, die in ihrem Leben noch nie ein Gewehr in der Hand gehalten haben, aber glauben,&hellip;<\/p>\n","protected":false},"author":1,"featured_media":210,"parent":0,"menu_order":0,"comment_status":"closed","ping_status":"closed","template":"","meta":[],"_links":{"self":[{"href":"https:\/\/www.richardisenheim.de\/index.php?rest_route=\/wp\/v2\/pages\/209"}],"collection":[{"href":"https:\/\/www.richardisenheim.de\/index.php?rest_route=\/wp\/v2\/pages"}],"about":[{"href":"https:\/\/www.richardisenheim.de\/index.php?rest_route=\/wp\/v2\/types\/page"}],"author":[{"embeddable":true,"href":"https:\/\/www.richardisenheim.de\/index.php?rest_route=\/wp\/v2\/users\/1"}],"replies":[{"embeddable":true,"href":"https:\/\/www.richardisenheim.de\/index.php?rest_route=%2Fwp%2Fv2%2Fcomments&post=209"}],"version-history":[{"count":5,"href":"https:\/\/www.richardisenheim.de\/index.php?rest_route=\/wp\/v2\/pages\/209\/revisions"}],"predecessor-version":[{"id":313,"href":"https:\/\/www.richardisenheim.de\/index.php?rest_route=\/wp\/v2\/pages\/209\/revisions\/313"}],"wp:featuredmedia":[{"embeddable":true,"href":"https:\/\/www.richardisenheim.de\/index.php?rest_route=\/wp\/v2\/media\/210"}],"wp:attachment":[{"href":"https:\/\/www.richardisenheim.de\/index.php?rest_route=%2Fwp%2Fv2%2Fmedia&parent=209"}],"curies":[{"name":"wp","href":"https:\/\/api.w.org\/{rel}","templated":true}]}}