{"id":215,"date":"2022-01-14T18:54:27","date_gmt":"2022-01-14T17:54:27","guid":{"rendered":"https:\/\/www.richardisenheim.de\/?page_id=215"},"modified":"2022-01-14T20:40:04","modified_gmt":"2022-01-14T19:40:04","slug":"frederidz","status":"publish","type":"page","link":"https:\/\/www.richardisenheim.de\/?page_id=215","title":{"rendered":"Frederid\u017c"},"content":{"rendered":"<p>Wohl hatte sie Recht; es war gef\u00e4hrlich, doch hatte er je einen Fall ad acta gelegt, weil ihm Gefahr drohte? Hatte er Robes von Podremos gestellt, weil er sich um sein Leben f\u00fcrchtete? W\u00fcrde er heute neben seiner Frau liegen, wenn er wie seine Kameraden nur dar\u00fcber gesprochen h\u00e4tte, anstatt den Mut zu fassen und sich vorzustellen? Was w\u00e4re geschehen, h\u00e4tte er seine Familie verleugnet?<br \/>\nJa, sein Beruf erforderte Mut. Mut, den er bereit war zu investieren.<\/p>\n<h1><a href=\"https:\/\/www.richardisenheim.de\/?page_id=233\">Weiterlesen!<\/a><\/h1>\n","protected":false},"excerpt":{"rendered":"<p>Wohl hatte sie Recht; es war gef\u00e4hrlich, doch hatte er je einen Fall ad acta gelegt, weil ihm Gefahr drohte? Hatte er Robes von Podremos gestellt, weil er sich um sein Leben f\u00fcrchtete? W\u00fcrde er heute neben seiner Frau liegen, wenn er wie seine Kameraden nur dar\u00fcber gesprochen h\u00e4tte, anstatt den Mut zu fassen und&hellip;<\/p>\n","protected":false},"author":1,"featured_media":216,"parent":0,"menu_order":0,"comment_status":"closed","ping_status":"closed","template":"","meta":[],"_links":{"self":[{"href":"https:\/\/www.richardisenheim.de\/index.php?rest_route=\/wp\/v2\/pages\/215"}],"collection":[{"href":"https:\/\/www.richardisenheim.de\/index.php?rest_route=\/wp\/v2\/pages"}],"about":[{"href":"https:\/\/www.richardisenheim.de\/index.php?rest_route=\/wp\/v2\/types\/page"}],"author":[{"embeddable":true,"href":"https:\/\/www.richardisenheim.de\/index.php?rest_route=\/wp\/v2\/users\/1"}],"replies":[{"embeddable":true,"href":"https:\/\/www.richardisenheim.de\/index.php?rest_route=%2Fwp%2Fv2%2Fcomments&post=215"}],"version-history":[{"count":4,"href":"https:\/\/www.richardisenheim.de\/index.php?rest_route=\/wp\/v2\/pages\/215\/revisions"}],"predecessor-version":[{"id":302,"href":"https:\/\/www.richardisenheim.de\/index.php?rest_route=\/wp\/v2\/pages\/215\/revisions\/302"}],"wp:featuredmedia":[{"embeddable":true,"href":"https:\/\/www.richardisenheim.de\/index.php?rest_route=\/wp\/v2\/media\/216"}],"wp:attachment":[{"href":"https:\/\/www.richardisenheim.de\/index.php?rest_route=%2Fwp%2Fv2%2Fmedia&parent=215"}],"curies":[{"name":"wp","href":"https:\/\/api.w.org\/{rel}","templated":true}]}}