{"id":219,"date":"2022-01-14T18:56:45","date_gmt":"2022-01-14T17:56:45","guid":{"rendered":"https:\/\/www.richardisenheim.de\/?page_id=219"},"modified":"2022-02-03T23:47:45","modified_gmt":"2022-02-03T22:47:45","slug":"ein-held-fuer-equinoctika-2","status":"publish","type":"page","link":"https:\/\/www.richardisenheim.de\/?page_id=219","title":{"rendered":"Ein Held f\u00fcr Equinoctika"},"content":{"rendered":"<p>Waren Helden nicht l\u00e4ngst ausgestorben?<br \/>\nDoch in Equinoctika, der Hauptstadt des Reiches Anthroplicote, dr\u00e4ngt sich das Verlangen nach einem neuen Erben auf. Seit dem mysteri\u00f6sen Abscheiden des Kaisers, steht die Stadt unter der rigorosen Herrschaft ihrer Ersten Ministerin, deren eigensinnige Pl\u00e4ne auf Missfallen im Rat seiner Majest\u00e4t sto\u00dfen. In diesen Zeiten der Unruhen will sich der Meisterdieb Vierfinger einen Namen am Mord des kaiserlichen Schatzmeisters verdienen und mit dessen Verm\u00f6gen verschwinden. Keine Besonderheit f\u00fcr eine von Gier und Intrigen zerfressene Stadt, w\u00e4re der Hauptmann der Stadtwache nicht mit der Tochter des Schatzmeisters verm\u00e4hlt. Dieser schw\u00f6rt, nicht eher zu ruhen, bis er die R\u00e4uberbande gefunden und zur Strecke gebracht hat. Dar\u00fcber hinaus legt ein alter Freund am Hafen an. Ein unverhofftes Wiedersehen mit Vizekapit\u00e4n Lennox steht bevor. W\u00e4re da nicht noch eine alte Rechnung offen, die Vierfinger zum Verh\u00e4ngnis werden k\u00f6nnte.<\/p>\n<h1><\/h1>\n<h1>Jetzt im <a href=\"https:\/\/www.bod.de\/buchshop\/ein-held-fuer-equinoctika-richard-isenheim-9783754339404\">Handel!<\/a><\/h1>\n<h1><a href=\"https:\/\/www.richardisenheim.de\/?page_id=248\">Leseprobe?<\/a><\/h1>\n","protected":false},"excerpt":{"rendered":"<p>Waren Helden nicht l\u00e4ngst ausgestorben? Doch in Equinoctika, der Hauptstadt des Reiches Anthroplicote, dr\u00e4ngt sich das Verlangen nach einem neuen Erben auf. Seit dem mysteri\u00f6sen Abscheiden des Kaisers, steht die Stadt unter der rigorosen Herrschaft ihrer Ersten Ministerin, deren eigensinnige Pl\u00e4ne auf Missfallen im Rat seiner Majest\u00e4t sto\u00dfen. In diesen Zeiten der Unruhen will sich&hellip;<\/p>\n","protected":false},"author":1,"featured_media":191,"parent":0,"menu_order":0,"comment_status":"closed","ping_status":"closed","template":"","meta":[],"_links":{"self":[{"href":"https:\/\/www.richardisenheim.de\/index.php?rest_route=\/wp\/v2\/pages\/219"}],"collection":[{"href":"https:\/\/www.richardisenheim.de\/index.php?rest_route=\/wp\/v2\/pages"}],"about":[{"href":"https:\/\/www.richardisenheim.de\/index.php?rest_route=\/wp\/v2\/types\/page"}],"author":[{"embeddable":true,"href":"https:\/\/www.richardisenheim.de\/index.php?rest_route=\/wp\/v2\/users\/1"}],"replies":[{"embeddable":true,"href":"https:\/\/www.richardisenheim.de\/index.php?rest_route=%2Fwp%2Fv2%2Fcomments&post=219"}],"version-history":[{"count":13,"href":"https:\/\/www.richardisenheim.de\/index.php?rest_route=\/wp\/v2\/pages\/219\/revisions"}],"predecessor-version":[{"id":328,"href":"https:\/\/www.richardisenheim.de\/index.php?rest_route=\/wp\/v2\/pages\/219\/revisions\/328"}],"wp:featuredmedia":[{"embeddable":true,"href":"https:\/\/www.richardisenheim.de\/index.php?rest_route=\/wp\/v2\/media\/191"}],"wp:attachment":[{"href":"https:\/\/www.richardisenheim.de\/index.php?rest_route=%2Fwp%2Fv2%2Fmedia&parent=219"}],"curies":[{"name":"wp","href":"https:\/\/api.w.org\/{rel}","templated":true}]}}