{"id":263,"date":"2022-01-14T19:41:06","date_gmt":"2022-01-14T18:41:06","guid":{"rendered":"https:\/\/www.richardisenheim.de\/?page_id=263"},"modified":"2022-01-14T19:49:02","modified_gmt":"2022-01-14T18:49:02","slug":"zeitreise-trifft-film-noir","status":"publish","type":"page","link":"https:\/\/www.richardisenheim.de\/?page_id=263","title":{"rendered":"Zeitreise trifft Film noir"},"content":{"rendered":"<p>Im Jahr 2072 sind Zeitreisen erfunden, aber verboten. Die Zeitpolizei verhindert Verbrechen gegen die Zeitlinie, bevor sie begangen werden.<br \/>\nDer Ex-Auftragskiller Tom Tanner sieht hinter der Zeitpolizei ein m\u00e4chtiges Instrument, um Systemgegner ohne den Befund eines Delikts festnehmen zu k\u00f6nnen. Beim Versuch seine Vergangenheit hinter sich zu lassen, schl\u00e4gt er sich als Drogenkurier und Tagel\u00f6hner durch die Stra\u00dfen Ana Chronicas.<\/p>\n<h1><a href=\"https:\/\/www.amazon.de\/Synchrometrie-Uhrwerk-Verdammten-Richard-Isenheim\/dp\/1724900617\/ref=sr_1_1?ie=UTF8&amp;amp&amp;qid=1534165434&amp;amp&amp;sr=8-1&amp;amp&amp;keywords=synchrometrie\">Uhrwerk der Verdammten auf Amazon kaufen!<\/a><\/h1>\n<p>Ein Dank an <a href=\"https:\/\/www.deviantart.com\/paulxinah\/\">Polina<\/a> f\u00fcr das Artwork:<\/p>\n","protected":false},"excerpt":{"rendered":"<p>Im Jahr 2072 sind Zeitreisen erfunden, aber verboten. Die Zeitpolizei verhindert Verbrechen gegen die Zeitlinie, bevor sie begangen werden. Der Ex-Auftragskiller Tom Tanner sieht hinter der Zeitpolizei ein m\u00e4chtiges Instrument, um Systemgegner ohne den Befund eines Delikts festnehmen zu k\u00f6nnen. Beim Versuch seine Vergangenheit hinter sich zu lassen, schl\u00e4gt er sich als Drogenkurier und Tagel\u00f6hner&hellip;<\/p>\n","protected":false},"author":1,"featured_media":150,"parent":0,"menu_order":0,"comment_status":"closed","ping_status":"closed","template":"","meta":[],"_links":{"self":[{"href":"https:\/\/www.richardisenheim.de\/index.php?rest_route=\/wp\/v2\/pages\/263"}],"collection":[{"href":"https:\/\/www.richardisenheim.de\/index.php?rest_route=\/wp\/v2\/pages"}],"about":[{"href":"https:\/\/www.richardisenheim.de\/index.php?rest_route=\/wp\/v2\/types\/page"}],"author":[{"embeddable":true,"href":"https:\/\/www.richardisenheim.de\/index.php?rest_route=\/wp\/v2\/users\/1"}],"replies":[{"embeddable":true,"href":"https:\/\/www.richardisenheim.de\/index.php?rest_route=%2Fwp%2Fv2%2Fcomments&post=263"}],"version-history":[{"count":8,"href":"https:\/\/www.richardisenheim.de\/index.php?rest_route=\/wp\/v2\/pages\/263\/revisions"}],"predecessor-version":[{"id":273,"href":"https:\/\/www.richardisenheim.de\/index.php?rest_route=\/wp\/v2\/pages\/263\/revisions\/273"}],"wp:featuredmedia":[{"embeddable":true,"href":"https:\/\/www.richardisenheim.de\/index.php?rest_route=\/wp\/v2\/media\/150"}],"wp:attachment":[{"href":"https:\/\/www.richardisenheim.de\/index.php?rest_route=%2Fwp%2Fv2%2Fmedia&parent=263"}],"curies":[{"name":"wp","href":"https:\/\/api.w.org\/{rel}","templated":true}]}}