{"id":359,"date":"2023-03-09T11:42:53","date_gmt":"2023-03-09T10:42:53","guid":{"rendered":"https:\/\/www.richardisenheim.de\/?page_id=359"},"modified":"2023-03-09T11:44:12","modified_gmt":"2023-03-09T10:44:12","slug":"die-klippen-telessars","status":"publish","type":"page","link":"https:\/\/www.richardisenheim.de\/?page_id=359","title":{"rendered":"Die Klippen Telessars"},"content":{"rendered":"\n<p>\u00bbWir sind da!\u00ab, sagte Meister Samakah mit seiner tiefen and\u00e4chtigen Stimme. \u00bbDas sind die Klippen von Telessar \u2013 der letzten Bastion der Magie.\u00ab<\/p>\n\n\n\n<p>Ich fiel vor Ersch\u00f6pfung auf die Knie und wischte mir den Schwei\u00df von der Stirn. Da lag es nun, das lang ersehnte Ziel unserer Reise.<\/p>\n\n\n\n<p>Hinter der Meerenge hing nebliger Dunst, der sich langsam lichtete und ein eingesperrtes Leuchten befreite. Ein Gebirge erhob sich aus dem windstillen Meer, dessen Gipfel in lohfarbenem Glanz erstrahlten. Auf ihnen wachten steinerne Wesen menschlicher Form mit Speeren in H\u00e4nden und Schwingen am Kreuz. Mit geschlossenen Augen griff ich danach, roch den Stein und das frisch gem\u00e4hte Gras. Ich schmeckte den Flieder, der die L\u00fcfte erf\u00fcllte, erahnte die glanzfarbenen Auen und die erfrischenden B\u00e4che im hohen Gebirge. Ich st\u00fcrzte vor Ehrfurcht auf die Knie.<\/p>\n\n\n\n<p>Telessar zog an mir, so magnetisch, wie ich es in meinen Eingebungen gesp\u00fcrt hatte und doch war der Anblick von einer farbenfrohen Pracht, wie ich sie mir in meinen k\u00fchnsten Tr\u00e4umen niemals ausgemalt h\u00e4tte.<\/p>\n\n\n\n<p>\u00bbSo etwas \u2026\u00ab, stammelte ich, noch immer unf\u00e4hig aufzustehen.<\/p>\n\n\n\n<p>\u00bb\u2026 hast du noch nie gesehen\u00ab, beendete Samakah meinen Satz. \u00bbDie Welt hat ihre Farbe eingeb\u00fc\u00dft. Seitdem die Schergen der Finsternis ausgeschert sind und die Seelen der Menschen vergiftetet haben, wurde die Magie aus der Welt verbannt und durch die Maschinen ersetzt. Nur Telessar ist verschont geblieben, denn die steinernen Engel bilden einen magischen Wall, der nur von einer reinen Seele durchdrungen werden kann.\u00ab<\/p>\n\n\n\n<p>Ich war noch immer ohne Worte. Eine tiefe, aber erschreckende Einsicht wurde mir offenbart. Zum ersten Mal ahnte ich, was es bedeutete auserw\u00e4hlt zu sein. \u00bbKann denn jeder \u2026 diese herrlichen Farben sehen?\u00ab<\/p>\n\n\n\n<p>Samakah stie\u00df seinen Wanderstab auf den Boden und kr\u00e4uselte die Lippen, dann fiel auch er vor der Herrlichkeit auf die Knie. \u00bbSieh an, welchen Sinn der Mensch verloren hat! Erkenne, wie die Welt einst war; wie sie immer schon h\u00e4tte sein sollen!\u00ab<\/p>\n\n\n\n<p class=\"has-text-align-right\">Richard Isenheim (M\u00e4rz 2022)<\/p>\n\n\n\n<figure class=\"wp-block-image size-large is-resized\"><img decoding=\"async\" loading=\"lazy\" src=\"https:\/\/www.richardisenheim.de\/wp-content\/uploads\/2023\/03\/klippen_kalisruh3-1024x683.jpg\" alt=\"\" class=\"wp-image-360\" width=\"640\" height=\"426\" srcset=\"https:\/\/www.richardisenheim.de\/wp-content\/uploads\/2023\/03\/klippen_kalisruh3-1024x683.jpg 1024w, https:\/\/www.richardisenheim.de\/wp-content\/uploads\/2023\/03\/klippen_kalisruh3-300x200.jpg 300w, https:\/\/www.richardisenheim.de\/wp-content\/uploads\/2023\/03\/klippen_kalisruh3-768x512.jpg 768w, https:\/\/www.richardisenheim.de\/wp-content\/uploads\/2023\/03\/klippen_kalisruh3-1536x1024.jpg 1536w, https:\/\/www.richardisenheim.de\/wp-content\/uploads\/2023\/03\/klippen_kalisruh3-830x553.jpg 830w, https:\/\/www.richardisenheim.de\/wp-content\/uploads\/2023\/03\/klippen_kalisruh3.jpg 1845w\" sizes=\"(max-width: 640px) 100vw, 640px\" \/><figcaption class=\"wp-element-caption\">Die Klippen vor Telessar<\/figcaption><\/figure>\n\n\n\n<p class=\"has-text-align-left\">Diese Kurzgeschichte entstand im M\u00e4rz 2022 im Rahmen eines Schreibwettbewerbs von BoD und Twentysix. Diese Version entspricht allerdings nicht der f\u00fcr den Contest eingereichten Urfassung, sondern wurde nachtr\u00e4glich von mir \u00fcberarbeitet.<\/p>\n","protected":false},"excerpt":{"rendered":"<p>\u00bbWir sind da!\u00ab, sagte Meister Samakah mit seiner tiefen and\u00e4chtigen Stimme. \u00bbDas sind die Klippen von Telessar \u2013 der letzten Bastion der Magie.\u00ab Ich fiel vor Ersch\u00f6pfung auf die Knie und wischte mir den Schwei\u00df von der Stirn. Da lag es nun, das lang ersehnte Ziel unserer Reise. Hinter der Meerenge hing nebliger Dunst, der&hellip;<\/p>\n","protected":false},"author":1,"featured_media":0,"parent":0,"menu_order":0,"comment_status":"closed","ping_status":"closed","template":"","meta":[],"_links":{"self":[{"href":"https:\/\/www.richardisenheim.de\/index.php?rest_route=\/wp\/v2\/pages\/359"}],"collection":[{"href":"https:\/\/www.richardisenheim.de\/index.php?rest_route=\/wp\/v2\/pages"}],"about":[{"href":"https:\/\/www.richardisenheim.de\/index.php?rest_route=\/wp\/v2\/types\/page"}],"author":[{"embeddable":true,"href":"https:\/\/www.richardisenheim.de\/index.php?rest_route=\/wp\/v2\/users\/1"}],"replies":[{"embeddable":true,"href":"https:\/\/www.richardisenheim.de\/index.php?rest_route=%2Fwp%2Fv2%2Fcomments&post=359"}],"version-history":[{"count":2,"href":"https:\/\/www.richardisenheim.de\/index.php?rest_route=\/wp\/v2\/pages\/359\/revisions"}],"predecessor-version":[{"id":364,"href":"https:\/\/www.richardisenheim.de\/index.php?rest_route=\/wp\/v2\/pages\/359\/revisions\/364"}],"wp:attachment":[{"href":"https:\/\/www.richardisenheim.de\/index.php?rest_route=%2Fwp%2Fv2%2Fmedia&parent=359"}],"curies":[{"name":"wp","href":"https:\/\/api.w.org\/{rel}","templated":true}]}}