{"id":371,"date":"2023-05-30T23:11:55","date_gmt":"2023-05-30T21:11:55","guid":{"rendered":"https:\/\/www.richardisenheim.de\/?page_id=371"},"modified":"2023-05-30T23:11:55","modified_gmt":"2023-05-30T21:11:55","slug":"zu-pfingsten-2023","status":"publish","type":"page","link":"https:\/\/www.richardisenheim.de\/?page_id=371","title":{"rendered":"Zu Pfingsten 2023"},"content":{"rendered":"\n<p>An Pfingsten, als die Eisheilgen Auszug hielten, lichtete sich die Wolkendecke und der Himmel erstrahlte in blauem Glanz. Zu diesen Stunden leuchtete der Bl\u00fctenstaub, der leise \u00fcber die Rems schwebte. Die B\u00e4ume, die ihre Wipfel friedfertig \u00fcber das Ufer neigten, spiegelten das Tanzen ruhiger Wellen wieder und inmitten einer Blumenzier zwitscherten V\u00f6glein einen&nbsp;Maiengru\u00df.<\/p>\n\n\n\n<figure class=\"wp-block-image size-large\"><img decoding=\"async\" loading=\"lazy\" width=\"1024\" height=\"768\" src=\"https:\/\/www.richardisenheim.de\/wp-content\/uploads\/2023\/05\/WhatsApp-Bild-2023-05-28-um-15.08.00-1-1024x768.jpg\" alt=\"\" class=\"wp-image-372\" srcset=\"https:\/\/www.richardisenheim.de\/wp-content\/uploads\/2023\/05\/WhatsApp-Bild-2023-05-28-um-15.08.00-1-1024x768.jpg 1024w, https:\/\/www.richardisenheim.de\/wp-content\/uploads\/2023\/05\/WhatsApp-Bild-2023-05-28-um-15.08.00-1-300x225.jpg 300w, https:\/\/www.richardisenheim.de\/wp-content\/uploads\/2023\/05\/WhatsApp-Bild-2023-05-28-um-15.08.00-1-768x576.jpg 768w, https:\/\/www.richardisenheim.de\/wp-content\/uploads\/2023\/05\/WhatsApp-Bild-2023-05-28-um-15.08.00-1-1536x1152.jpg 1536w, https:\/\/www.richardisenheim.de\/wp-content\/uploads\/2023\/05\/WhatsApp-Bild-2023-05-28-um-15.08.00-1-830x623.jpg 830w, https:\/\/www.richardisenheim.de\/wp-content\/uploads\/2023\/05\/WhatsApp-Bild-2023-05-28-um-15.08.00-1.jpg 2048w\" sizes=\"(max-width: 1024px) 100vw, 1024px\" \/><\/figure>\n\n\n\n<p class=\"has-text-align-right\">Richard Isenheim (Mai 2023)<\/p>\n","protected":false},"excerpt":{"rendered":"<p>An Pfingsten, als die Eisheilgen Auszug hielten, lichtete sich die Wolkendecke und der Himmel erstrahlte in blauem Glanz. Zu diesen Stunden leuchtete der Bl\u00fctenstaub, der leise \u00fcber die Rems schwebte. Die B\u00e4ume, die ihre Wipfel friedfertig \u00fcber das Ufer neigten, spiegelten das Tanzen ruhiger Wellen wieder und inmitten einer Blumenzier zwitscherten V\u00f6glein einen&nbsp;Maiengru\u00df. Richard Isenheim&hellip;<\/p>\n","protected":false},"author":1,"featured_media":0,"parent":0,"menu_order":0,"comment_status":"closed","ping_status":"closed","template":"","meta":[],"_links":{"self":[{"href":"https:\/\/www.richardisenheim.de\/index.php?rest_route=\/wp\/v2\/pages\/371"}],"collection":[{"href":"https:\/\/www.richardisenheim.de\/index.php?rest_route=\/wp\/v2\/pages"}],"about":[{"href":"https:\/\/www.richardisenheim.de\/index.php?rest_route=\/wp\/v2\/types\/page"}],"author":[{"embeddable":true,"href":"https:\/\/www.richardisenheim.de\/index.php?rest_route=\/wp\/v2\/users\/1"}],"replies":[{"embeddable":true,"href":"https:\/\/www.richardisenheim.de\/index.php?rest_route=%2Fwp%2Fv2%2Fcomments&post=371"}],"version-history":[{"count":2,"href":"https:\/\/www.richardisenheim.de\/index.php?rest_route=\/wp\/v2\/pages\/371\/revisions"}],"predecessor-version":[{"id":374,"href":"https:\/\/www.richardisenheim.de\/index.php?rest_route=\/wp\/v2\/pages\/371\/revisions\/374"}],"wp:attachment":[{"href":"https:\/\/www.richardisenheim.de\/index.php?rest_route=%2Fwp%2Fv2%2Fmedia&parent=371"}],"curies":[{"name":"wp","href":"https:\/\/api.w.org\/{rel}","templated":true}]}}