{"id":86,"date":"2018-06-16T19:13:11","date_gmt":"2018-06-16T17:13:11","guid":{"rendered":"https:\/\/www.richardisenheim.de\/?page_id=86"},"modified":"2018-06-16T20:57:36","modified_gmt":"2018-06-16T18:57:36","slug":"impressum","status":"publish","type":"page","link":"https:\/\/www.richardisenheim.de\/?page_id=86","title":{"rendered":"Impressum"},"content":{"rendered":"<div class=\"mainwrap\">\n<div class=\"main clearfix\">\n<div class=\"content  singlepage\">\n<div class=\"postcontent\">\n<div class=\"posttext\">\n<h1>Impressum \/ Kontakt<\/h1>\n<div class=\"usercontent\">\n<p><a href=\"https:\/\/www.richardisenheim.de\/?page_id=3\">Zur Datenschutzerkl\u00e4rung<\/a><\/p>\n<h2>Angaben gem\u00e4\u00df \u00a7 5 TMG:<\/h2>\n<p>Ricco Isele<\/p><\/div>\n<div class=\"usercontent\">Sonnenhalde 3<\/div>\n<div class=\"usercontent\">88637 Thalheim<\/div>\n<div class=\"usercontent\">Deutschland<\/div>\n<div><\/div>\n<div class=\"usercontent\">Umsatzsteuer-ID: DE85302\/01021<\/p>\n<h2>Kontakt:<\/h2>\n<p>E-Mail: info@richardisenheim.de<\/p>\n<h1>Verantwortlich f\u00fcr den Inhalt nach \u00a7 55 Abs. 2 RStV:<\/h1>\n<div class=\"usercontent\">Ricco Isele<\/div>\n<div class=\"usercontent\">Sonnenhalde 3<\/div>\n<div class=\"usercontent\">88637 Thalheim<\/div>\n<div class=\"usercontent\">Deutschland<\/div>\n<p>Die Europ\u00e4ische Kommission stellt eine Plattform zur OnlineStreitbeilegung (OS) bereit: <a href=\"http:\/\/ec.europa.eu\/consumers\/odr\"><br \/>\nhttp:\/\/ec.europa.eu\/consumers\/odr<\/a><br \/>\nMeine E-Mail-Adresse: info@richardisenheim.de<\/p>\n<p>&nbsp;<\/p>\n<p>Wir sind nicht bereit oder verpflichtet, an Streitbeilegungsverfahren vor einer Verbraucherschlichtungsstelle teilzunehmen.<\/p>\n<h2>Haftung f\u00fcr Inhalte<\/h2>\n<p>Als Diensteanbieter bin ich\u00a0gem\u00e4\u00df \u00a7 7 Abs.1 TMG f\u00fcr eigene Inhalte auf diesen Seiten<br \/>\nnach den allgemeinen Gesetzen verantwortlich. Nach \u00a7\u00a7 8 bis 10 TMG bin ich\u00a0als<br \/>\nDiensteanbieter jedoch nicht verpflichtet, \u00fcbermittelte oder gespeicherte fremde Informationen zu<br \/>\n\u00fcberwachen oder nach Umst\u00e4nden zu forschen, die auf eine rechtswidrige T\u00e4tigkeit<br \/>\nhinweisen.<\/p>\n<p>Verpflichtungen zur Entfernung oder Sperrung der Nutzung von Informationen nach<br \/>\nden allgemeinen Gesetzen bleiben hiervon unber\u00fchrt. Eine diesbez\u00fcgliche Haftung ist jedoch<br \/>\nerst ab dem Zeitpunkt der Kenntnis einer konkreten Rechtsverletzung m\u00f6glich. Bei Bekanntwerden<br \/>\nvon entsprechenden Rechtsverletzungen werde ich diese Inhalte umgehend entfernen.<\/p>\n<h2>Haftung f\u00fcr Links<\/h2>\n<p>Mein Angebot enth\u00e4lt Links zu externen Webseiten Dritter, auf deren Inhalte ich\u00a0keinen Einfluss habe. Deshalb kann ich\u00a0f\u00fcr diese fremden Inhalte auch keine Gew\u00e4hr \u00fcbernehmen. F\u00fcr die Inhalte der verlinkten Seiten ist stets der jeweilige Anbieter oder Betreiber der Seiten verantwortlich. Die verlinkten Seiten wurden zum Zeitpunkt der Verlinkung auf m\u00f6gliche Rechtsverst\u00f6\u00dfe \u00fcberpr\u00fcft. Rechtswidrige Inhalte waren zum Zeitpunkt der Verlinkung nicht erkennbar.<\/p>\n<p>Eine permanente inhaltliche Kontrolle der verlinkten Seiten ist jedoch ohne konkrete Anhaltspunkte einer Rechtsverletzung nicht zumutbar. Bei Bekanntwerden von Rechtsverletzungen werden derartige Links umgehend entfernt.<\/p>\n<h2>Urheberrecht<\/h2>\n<p>Die durch die Seitenbetreiber erstellten Inhalte und Werke auf diesen Seiten unterliegen dem deutschen Urheberrecht. Die Vervielf\u00e4ltigung, Bearbeitung, Verbreitung und jede Art der Verwertung au\u00dferhalb der Grenzen des Urheberrechtes bed\u00fcrfen der schriftlichen Zustimmung des jeweiligen Autors bzw. Erstellers. Downloads und Kopien dieser Seite sind nur f\u00fcr<br \/>\nden privaten, nicht kommerziellen Gebrauch gestattet.<\/p>\n<p>Soweit die Inhalte auf dieser Seite nicht vom Betreiber erstellt wurden, werden die Urheberrechte Dritter beachtet. Insbesondere werden Inhalte Dritter als solche gekennzeichnet. Sollten Sie trotzdem auf eine Urheberrechtsverletzung aufmerksam werden, bitten wir um einen entsprechenden Hinweis. Bei Bekanntwerden von Rechtsverletzungen werde\u00a0ich derartige Inhalte umgehend entfernen.<\/p>\n<p>&nbsp;<\/p>\n<p>Quelle: <a href=\"https:\/\/www.erecht24.de\">eRecht24<\/a><\/p>\n<\/div>\n<\/div>\n<\/div>\n<\/div>\n<\/div>\n<\/div>\n","protected":false},"excerpt":{"rendered":"<p>Impressum \/ Kontakt Zur Datenschutzerkl\u00e4rung Angaben gem\u00e4\u00df \u00a7 5 TMG: Ricco Isele Sonnenhalde 3 88637 Thalheim Deutschland Umsatzsteuer-ID: DE85302\/01021 Kontakt: E-Mail: info@richardisenheim.de Verantwortlich f\u00fcr den Inhalt nach \u00a7 55 Abs. 2 RStV: Ricco Isele Sonnenhalde 3 88637 Thalheim Deutschland Die Europ\u00e4ische Kommission stellt eine Plattform zur OnlineStreitbeilegung (OS) bereit: http:\/\/ec.europa.eu\/consumers\/odr Meine E-Mail-Adresse: info@richardisenheim.de &nbsp; Wir&hellip;<\/p>\n","protected":false},"author":1,"featured_media":0,"parent":0,"menu_order":0,"comment_status":"closed","ping_status":"closed","template":"","meta":[],"_links":{"self":[{"href":"https:\/\/www.richardisenheim.de\/index.php?rest_route=\/wp\/v2\/pages\/86"}],"collection":[{"href":"https:\/\/www.richardisenheim.de\/index.php?rest_route=\/wp\/v2\/pages"}],"about":[{"href":"https:\/\/www.richardisenheim.de\/index.php?rest_route=\/wp\/v2\/types\/page"}],"author":[{"embeddable":true,"href":"https:\/\/www.richardisenheim.de\/index.php?rest_route=\/wp\/v2\/users\/1"}],"replies":[{"embeddable":true,"href":"https:\/\/www.richardisenheim.de\/index.php?rest_route=%2Fwp%2Fv2%2Fcomments&post=86"}],"version-history":[{"count":3,"href":"https:\/\/www.richardisenheim.de\/index.php?rest_route=\/wp\/v2\/pages\/86\/revisions"}],"predecessor-version":[{"id":101,"href":"https:\/\/www.richardisenheim.de\/index.php?rest_route=\/wp\/v2\/pages\/86\/revisions\/101"}],"wp:attachment":[{"href":"https:\/\/www.richardisenheim.de\/index.php?rest_route=%2Fwp%2Fv2%2Fmedia&parent=86"}],"curies":[{"name":"wp","href":"https:\/\/api.w.org\/{rel}","templated":true}]}}